{"id":194,"date":"2023-04-14T17:24:10","date_gmt":"2023-04-14T17:24:10","guid":{"rendered":"https:\/\/madeireiraatanasio.com.br\/?page_id=194"},"modified":"2023-04-17T17:05:55","modified_gmt":"2023-04-17T17:05:55","slug":"briquetes","status":"publish","type":"page","link":"https:\/\/madeireiraatanasio.com.br\/index.php\/briquetes\/","title":{"rendered":"Briquetes"},"content":{"rendered":"\t\t<div data-elementor-type=\"wp-page\" data-elementor-id=\"194\" class=\"elementor elementor-194\" data-elementor-post-type=\"page\">\n\t\t\t\t<div class=\"elementor-element elementor-element-0050275 e-flex e-con-boxed wpr-particle-no wpr-jarallax-no wpr-parallax-no wpr-sticky-section-no wpr-equal-height-no e-con e-parent\" data-id=\"0050275\" data-element_type=\"container\" data-e-type=\"container\" data-settings=\"{&quot;background_background&quot;:&quot;classic&quot;}\">\n\t\t\t\t\t<div class=\"e-con-inner\">\n\t\t\t\t<div class=\"elementor-element elementor-element-e6b8b50 elementor-widget__width-inherit elementor-widget elementor-widget-heading\" data-id=\"e6b8b50\" data-element_type=\"widget\" data-e-type=\"widget\" data-widget_type=\"heading.default\">\n\t\t\t\t<div class=\"elementor-widget-container\">\n\t\t\t\t\t<h2 class=\"elementor-heading-title elementor-size-default\">BRIQUETES DE PINUS       <\/h2>\t\t\t\t<\/div>\n\t\t\t\t<\/div>\n\t\t\t\t<div class=\"elementor-element elementor-element-4c2a2de elementor-widget__width-initial elementor-widget-mobile__width-initial elementor-widget elementor-widget-text-editor\" data-id=\"4c2a2de\" data-element_type=\"widget\" data-e-type=\"widget\" data-widget_type=\"text-editor.default\">\n\t\t\t\t<div class=\"elementor-widget-container\">\n\t\t\t\t\t\t\t\t\t<p>Briquete, tamb\u00e9m conhecido como &#8220;Lenha Ecol\u00f3gica&#8221;, \u00e9 um biocombust\u00edvel s\u00f3lido feito a partir da compacta\u00e7\u00e3o de res\u00edduos de madeira florestais como maravalha ou serragem.<br \/>Em seu processo de fabrica\u00e7\u00e3o, a mat\u00e9ria prima \u00e9 submetida a alta press\u00e3o gerando um bloco cil\u00edndrico compacto, de alta densidade, que n\u00e3o utiliza em seu processo de produ\u00e7\u00e3o nenhum produto qu\u00edmico.<\/p><p>\u00a0<\/p>\t\t\t\t\t\t\t\t<\/div>\n\t\t\t\t<\/div>\n\t\t\t\t<div class=\"elementor-element elementor-element-1e38110 elementor-widget__width-initial elementor-widget-mobile__width-initial elementor-widget elementor-widget-image\" data-id=\"1e38110\" data-element_type=\"widget\" data-e-type=\"widget\" data-widget_type=\"image.default\">\n\t\t\t\t<div class=\"elementor-widget-container\">\n\t\t\t\t\t\t\t\t\t\t\t\t\t\t\t<img fetchpriority=\"high\" decoding=\"async\" width=\"800\" height=\"800\" src=\"https:\/\/madeireiraatanasio.com.br\/wp-content\/uploads\/2023\/04\/Imagem-do-WhatsApp-de-2023-04-17-as-12.18.06-1024x1024.png\" class=\"attachment-large size-large wp-image-242\" alt=\"\" srcset=\"https:\/\/madeireiraatanasio.com.br\/wp-content\/uploads\/2023\/04\/Imagem-do-WhatsApp-de-2023-04-17-as-12.18.06-1024x1024.png 1024w, https:\/\/madeireiraatanasio.com.br\/wp-content\/uploads\/2023\/04\/Imagem-do-WhatsApp-de-2023-04-17-as-12.18.06-300x300.png 300w, https:\/\/madeireiraatanasio.com.br\/wp-content\/uploads\/2023\/04\/Imagem-do-WhatsApp-de-2023-04-17-as-12.18.06-150x150.png 150w, https:\/\/madeireiraatanasio.com.br\/wp-content\/uploads\/2023\/04\/Imagem-do-WhatsApp-de-2023-04-17-as-12.18.06-768x768.png 768w, https:\/\/madeireiraatanasio.com.br\/wp-content\/uploads\/2023\/04\/Imagem-do-WhatsApp-de-2023-04-17-as-12.18.06.png 1080w\" sizes=\"(max-width: 800px) 100vw, 800px\" \/>\t\t\t\t\t\t\t\t\t\t\t\t\t\t\t<\/div>\n\t\t\t\t<\/div>\n\t\t\t\t<div class=\"elementor-element elementor-element-2cbae21 elementor-widget__width-initial elementor-widget-mobile__width-initial elementor-widget elementor-widget-text-editor\" data-id=\"2cbae21\" data-element_type=\"widget\" data-e-type=\"widget\" data-widget_type=\"text-editor.default\">\n\t\t\t\t<div class=\"elementor-widget-container\">\n\t\t\t\t\t\t\t\t\t<p>Ideal para:<br \/>&#8211; lareiras<br \/>&#8211; fornos<br \/>&#8211; caldeiras<\/p><p>Vantagens:<br \/>&#8211; \u00f3timo custo benef\u00edcio<br \/>&#8211; alto poder calor\u00edfico<br \/>&#8211; baixo \u00edndice de res\u00edduos<br \/>&#8211; f\u00e1cil\u00a0armazenamento<\/p>\t\t\t\t\t\t\t\t<\/div>\n\t\t\t\t<\/div>\n\t\t\t\t\t<\/div>\n\t\t\t\t<\/div>\n\t\t\t\t<\/div>\n\t\t","protected":false},"excerpt":{"rendered":"<p>BRIQUETES DE PINUS Briquete, tamb\u00e9m conhecido como &#8220;Lenha Ecol\u00f3gica&#8221;, \u00e9 um biocombust\u00edvel s\u00f3lido feito a partir da compacta\u00e7\u00e3o de res\u00edduos de madeira florestais como maravalha ou serragem.Em seu processo de fabrica\u00e7\u00e3o, a mat\u00e9ria prima \u00e9 submetida a alta press\u00e3o gerando um bloco cil\u00edndrico compacto, de alta densidade, que n\u00e3o utiliza em seu processo de produ\u00e7\u00e3o nenhum produto qu\u00edmico. \u00a0 Ideal para:&#8211; lareiras&#8211; fornos&#8211; caldeiras Vantagens:&#8211; \u00f3timo custo benef\u00edcio&#8211; alto poder calor\u00edfico&#8211; baixo \u00edndice de res\u00edduos&#8211; f\u00e1cil\u00a0armazenamento<\/p>\n","protected":false},"author":1,"featured_media":0,"parent":0,"menu_order":0,"comment_status":"closed","ping_status":"closed","template":"","meta":{"footnotes":""},"class_list":["post-194","page","type-page","status-publish","hentry"],"_links":{"self":[{"href":"https:\/\/madeireiraatanasio.com.br\/index.php\/wp-json\/wp\/v2\/pages\/194","targetHints":{"allow":["GET"]}}],"collection":[{"href":"https:\/\/madeireiraatanasio.com.br\/index.php\/wp-json\/wp\/v2\/pages"}],"about":[{"href":"https:\/\/madeireiraatanasio.com.br\/index.php\/wp-json\/wp\/v2\/types\/page"}],"author":[{"embeddable":true,"href":"https:\/\/madeireiraatanasio.com.br\/index.php\/wp-json\/wp\/v2\/users\/1"}],"replies":[{"embeddable":true,"href":"https:\/\/madeireiraatanasio.com.br\/index.php\/wp-json\/wp\/v2\/comments?post=194"}],"version-history":[{"count":0,"href":"https:\/\/madeireiraatanasio.com.br\/index.php\/wp-json\/wp\/v2\/pages\/194\/revisions"}],"wp:attachment":[{"href":"https:\/\/madeireiraatanasio.com.br\/index.php\/wp-json\/wp\/v2\/media?parent=194"}],"curies":[{"name":"wp","href":"https:\/\/api.w.org\/{rel}","templated":true}]}}